{"id":3,"date":"2025-09-19T11:34:00","date_gmt":"2025-09-19T11:34:00","guid":{"rendered":"https:\/\/uudetkasinotilmanrekisteroitymista.fi\/?page_id=3"},"modified":"2025-09-26T11:43:14","modified_gmt":"2025-09-26T08:43:14","slug":"tietosuojaseloste","status":"publish","type":"page","link":"https:\/\/uudetkasinotilmanrekisteroitymista.fi\/fi-fi\/tietosuojaseloste\/","title":{"rendered":"Tietosuojaseloste (Privacy Policy)"},"content":{"rendered":"\n<p>Uudetkasinotilmanrekisteroitymista.fi (\u201dme\u201d) k\u00e4sittelee asiakkaittemme ja verkkosivullamme vierailevien henkil\u00f6tietoja (\u201dsin\u00e4\u201d). Ty\u00f6skentelemme k\u00e4sitell\u00e4ksemme henkil\u00f6tietojasi huolellisesti, suojaamalla niit\u00e4 sek\u00e4 noudattamalla kaikkia s\u00e4\u00e4nt\u00f6j\u00e4 ja tietosuojalakeja. Olemme markkinointiyritys, joka toimii Tallinnassa Virossa.<\/p>\n\n\n\n<p>T\u00e4m\u00e4n tietosuojaselosteen tarkoituksena on selvitt\u00e4\u00e4, kuinka k\u00e4sittelemme sinuun liittyvi\u00e4 tietoja (\u201dhenkil\u00f6tiedot\u201d) t\u00e4ll\u00e4 verkkosivustolla. T\u00e4m\u00e4 tietoturvaseloste sis\u00e4lt\u00e4\u00e4 t\u00e4rke\u00e4\u00e4 tietoa lakis\u00e4\u00e4teisist\u00e4 oikeuksistasi.<\/p>\n\n\n\n<p>T\u00e4m\u00e4n tietosuojaselosteen tarkoituksena ei ole korvata ehtoja mist\u00e4\u00e4n sopimuksesta, joka sinulla on kanssamme, eik\u00e4 tietosuojalakien sinulle antamia oikeuksia.<\/p>\n\n\n\n<h2 class=\"wp-block-heading\" class=\"wp-block-heading\" id=\"1-kuka-kasittelee-henkilotietojasi\"><a><\/a>1. Kuka k\u00e4sittelee henkil\u00f6tietojasi?<\/h2>\n\n\n\n<p>Uudetkasinotilmanrekisteroitymista.fi on vastuussa henkil\u00f6tietojesi k\u00e4sittelyst\u00e4. Henkil\u00f6tietovastaava tarkoittaa yhti\u00f6t\u00e4, joka vahvistaa henkil\u00f6tietojen k\u00e4sittelymenetelm\u00e4n ja tarkoituksen. Me m\u00e4\u00e4rittelemme sen, miten ja miksi henkil\u00f6tietoja k\u00e4sitell\u00e4\u00e4n.&nbsp;&nbsp;<\/p>\n\n\n\n<p>Uudetkasinotilmanrekisteroitymista.fi on p\u00e4\u00e4vastuussa tietojesi k\u00e4sittelyst\u00e4, mutta voimme k\u00e4ytt\u00e4\u00e4 my\u00f6s ulkoisia palveluntarjoajia tietojen analysointiin ja tallentamiseen. Kaikki yhti\u00f6t, joilla on p\u00e4\u00e4sy henkil\u00f6tietoihisi, noudattavat tietosuojalakeja ja toimivat t\u00e4ss\u00e4 selosteessa kuvattujen periaatteiden ja standardien mukaisesti.<\/p>\n\n\n\n<h2 class=\"wp-block-heading\" class=\"wp-block-heading\" id=\"2-mita-tietoja-keraamme-ja-kasittelemme\"><a><\/a>2. Mit\u00e4 tietoja ker\u00e4\u00e4mme ja k\u00e4sittelemme?<\/h2>\n\n\n\n<p>Ker\u00e4\u00e4mme ja k\u00e4sittelemme muun muassa seuraavia tietojasi:<\/p>\n\n\n\n<p>\u2013 Nimi<\/p>\n\n\n\n<p>\u2013 Syntym\u00e4aika<\/p>\n\n\n\n<p>\u2013 S\u00e4hk\u00f6postiosoite<\/p>\n\n\n\n<p>\u2013 Salasana<\/p>\n\n\n\n<p>\u2013 IP-osoite ja tekniset tiedot laitteestasi<\/p>\n\n\n\n<p>\u2013 Sek\u00e4 muita tietoja, jotka luovutat meille suostumuksellasi<\/p>\n\n\n\n<h2 class=\"wp-block-heading\" class=\"wp-block-heading\" id=\"3-miten-kaytamme-henkilotietojasi\"><a><\/a>3. Miten k\u00e4yt\u00e4mme henkil\u00f6tietojasi?<\/h2>\n\n\n\n<p>Uudetkasinotilmanrekisteroitymista.fi ker\u00e4\u00e4 sinulta tietoja aina, kun vierailet verkkosivuillamme.<\/p>\n\n\n\n<p>Ker\u00e4\u00e4mme ja k\u00e4yt\u00e4mme henkil\u00f6tietojasi seuraaviin tarkoituksiin:<\/p>\n\n\n\n<p>\u2013 Parantaaksemme palvelua ja k\u00e4ytt\u00e4j\u00e4kokemuksia.<\/p>\n\n\n\n<p>\u2013 L\u00e4hett\u00e4ess\u00e4mme tuotteisiin ja palveluihin liittyvi\u00e4 tietoja, ja yhteisty\u00f6kumppaniemme tarjouksia.<\/p>\n\n\n\n<p>\u2013 Parantaaksemme ja suunnataksemme sinulle meilt\u00e4 tulevaa mainontaa.<\/p>\n\n\n\n<p>\u2013 Keskustelufoorumin tai yhteis\u00f6n rekister\u00f6intiin mahdollistaessamme kommenttien antamisen.<\/p>\n\n\n\n<p>\u2013 Suorittaakseemme ja noudattaaksemme laillisia velvoitteitamme tai oikeuksiamme.<\/p>\n\n\n\n<p>K\u00e4sittelemme henkil\u00f6tietojasi kohdassa 3 mainittuihin tarkoituksiin ainoastaan kun:<\/p>\n\n\n\n<p>\u2013 Olet antanut meille suostumuksesi k\u00e4ytt\u00e4\u00e4 tietojasi yll\u00e4 mainitulla tavalla.<\/p>\n\n\n\n<p>\u2013 Tietojen k\u00e4sittely on tarpeellista palvelun toimivuuden takaamiseksi.<\/p>\n\n\n\n<p>\u2013 T\u00e4ytt\u00e4\u00e4ksemme kaikki mahdolliset lakis\u00e4\u00e4teiset velvoitteemme.<\/p>\n\n\n\n<h2 class=\"wp-block-heading\" class=\"wp-block-heading\" id=\"4-kenen-kayttoon-annamme-henkilotietojasi\"><a><\/a>4. Kenen k\u00e4ytt\u00f6\u00f6n annamme henkil\u00f6tietojasi?<\/h2>\n\n\n\n<p>Toimimme yhteisty\u00f6ss\u00e4 kolmansien osapuolien kanssa ja voimme jakaa tietojasi seuraaville osapuolille:<\/p>\n\n\n\n<p>\u2013 Analytiikkapalvelut: Google Analytics, Hotjar ja muut analyysity\u00f6kalut auttavat meit\u00e4 ymm\u00e4rt\u00e4m\u00e4\u00e4n k\u00e4ytt\u00e4j\u00e4k\u00e4ytt\u00e4ytymist\u00e4 sivustollamme.<\/p>\n\n\n\n<p>\u2013 S\u00e4hk\u00f6postipalvelut: Esimerkiksi uutiskirjeiden l\u00e4hetykseen k\u00e4ytett\u00e4v\u00e4t palveluntarjoajat, kuten Mailchimp tai vastaavat.<\/p>\n\n\n\n<p>\u2013 Plugin ohjelmien toimittajamme ja WordPress.com Automattic, Inc.:n is\u00e4nt\u00e4, joka toimii USA:n Privacy Shield tietosuojaj\u00e4rjestelyn alaisena.<\/p>\n\n\n\n<p>\u2013 Lakiviranomaiset: Jos laki niin vaatii, saatamme jakaa tietoja viranomaisten kanssa.<\/p>\n\n\n\n<p>\u2013 Mik\u00e4li myymme, ostamme tai organisoimme uudelleen liiketoimintaamme tai omaisuuttamme tai jos kolmas osapuoli, mukaan lukien mahdolliset myyj\u00e4t tai ostajat, hankkii omaisuuttamme.<\/p>\n\n\n\n<h2 class=\"wp-block-heading\" class=\"wp-block-heading\" id=\"5-suoramarkkinointi\"><a><\/a>5. Suoramarkkinointi<\/h2>\n\n\n\n<p>Uudetkasinotilmanrekisteroitymista.fi k\u00e4ytt\u00e4\u00e4 saamiaan henkil\u00f6tietoja tuotteiden markkinointiin tai informoidakseen meid\u00e4n ja\/tai yhteisty\u00f6kumppaneiden palveluista\/tuotteista. Markkinointi voi tapahtua s\u00e4hk\u00f6postitse tai kohdistetun verkkomainonnan muodossa.<\/p>\n\n\n\n<p>Halutessasi voit milloin tahansa kielt\u00e4yty\u00e4 suoramarkkinoinnista.<\/p>\n\n\n\n<p>Markkinoimme sinulle ainoastaan sellaisia tuotteita, joiden arvelemme kiinnostavan tai sopivan sinulle perustuen sinusta saamiimme tietoihin.<\/p>\n\n\n\n<h2 class=\"wp-block-heading\" class=\"wp-block-heading\" id=\"6-kuinka-kauan-sailytamme-henkilotietojasi\"><a><\/a>6. Kuinka kauan s\u00e4ilyt\u00e4mme henkil\u00f6tietojasi?<\/h2>\n\n\n\n<p>Henkil\u00f6tietojasi s\u00e4ilytet\u00e4\u00e4n toistaiseksi ja vain niin kauan kuin tarvitsemme niit\u00e4 laillisiin tarkoituksiin. T\u00e4m\u00e4n j\u00e4lkeen tiedot poistetaan turvallisesti tai muutetaan anonyymeiksi.<\/p>\n\n\n\n<p>Joissakin tapauksissa lains\u00e4\u00e4d\u00e4nt\u00f6 voi velvoittaa meit\u00e4 s\u00e4ilytt\u00e4m\u00e4\u00e4n tietoja pidemm\u00e4n ajan, jotta voimme t\u00e4ytt\u00e4\u00e4 lain, verotuksen tai kirjanpidon vaatimukset.<\/p>\n\n\n\n<h2 class=\"wp-block-heading\" class=\"wp-block-heading\" id=\"7-mitka-ovat-oikeutesi\"><a><\/a>7. Mitk\u00e4 ovat oikeutesi?<\/h2>\n\n\n\n<p>Sinulla on oikeus pyyt\u00e4\u00e4 meilt\u00e4 tietojasi ja oikeus vaatia oikaisua virheellisiin tietoihin, mik\u00e4li ne ovat todistetusti virheellisi\u00e4. Sinulla on my\u00f6s oikeus pyyt\u00e4\u00e4 tietojesi poistamista. Mik\u00e4li haluat k\u00e4ytt\u00e4\u00e4 n\u00e4it\u00e4 oikeuksia, sinun tulee olla meihin yhteydess\u00e4 l\u00e4hett\u00e4m\u00e4ll\u00e4 s\u00e4hk\u00f6postia osoitteeseen info@uudetkasinotilmanrekisteroitymista.fi.<\/p>\n\n\n\n<p>Oikeutesi:<\/p>\n\n\n\n<p>\u2013 Oikeus n\u00e4hd\u00e4 kaikki henkil\u00f6kohtainen tieto, jota k\u00e4sittelemme sek\u00e4 my\u00f6s mahdollinen muu lis\u00e4tieto ilman, ett\u00e4 se loukkaa muiden oikeuksia tai vapauksia.<\/p>\n\n\n\n<p>\u2013 Oikeus korjata virheellinen henkil\u00f6kohtainen tietosi.<\/p>\n\n\n\n<p>\u2013 Oikeus saada henkil\u00f6tietosi poistettua erityistilanteissa ennen yleisen poistoajan kulumista.<\/p>\n\n\n\n<p>\u2013 Oikeus rajoittaa tietyiss\u00e4 tilanteissa tietojesi k\u00e4sittely\u00e4. T\u00e4ll\u00f6in voimme k\u00e4sitell\u00e4 tietojasi ainoastaan; lukuun ottamatta arkistointia; suostumuksellasi lain niin velvoittaessa.<\/p>\n\n\n\n<p>\u2013 Oikeus tiedon siirrett\u00e4vyyteen, kun henkil\u00f6tietojen k\u00e4sittely perustuu suostumukseen tai sopimukseen ja tietojen k\u00e4sittely on automaattista.<\/p>\n\n\n\n<p>\u2013 Oikeus tehd\u00e4 joissakin tilanteissa valitus muuten lainmukaisesta henkil\u00f6tietojesi k\u00e4sittelyst\u00e4 sek\u00e4 oikeus valittaa tietojesi k\u00e4yt\u00f6st\u00e4 suoramarkkinoinnissa.<\/p>\n\n\n\n<p>\u2013 Oikeus perua suostumus koskien henkil\u00f6tietojesi k\u00e4sittely\u00e4, mik\u00e4li tietojesi k\u00e4sittely perustuu suostumukseen. Peruminen ei vaikuta tietojen k\u00e4sittelyyn, joka on suoritettu ennen suostumuksen perumista.<\/p>\n\n\n\n<h2 class=\"wp-block-heading\" class=\"wp-block-heading\" id=\"valitukset\"><a><\/a>Valitukset<\/h2>\n\n\n\n<p>Sinulla on oikeus tehd\u00e4 paikalliselle valvontaviranomaiselle valitus henkil\u00f6tietojesi k\u00e4sittelyst\u00e4. Toivomme, ett\u00e4 pyrit ensisijaisesti ratkaisemaan asiat meid\u00e4n kanssamme ottamalla yhteytt\u00e4 osoitteeseen info@uudetkasinotilmanrekisteroitymista.fi.<\/p>\n\n\n\n<h2 class=\"wp-block-heading\" class=\"wp-block-heading\" id=\"evasteet\"><a><\/a>Ev\u00e4steet<\/h2>\n\n\n\n<p>Uudetkasinotilmanrekisteroitymista.fi k\u00e4ytt\u00e4\u00e4 sivustollaan ev\u00e4steit\u00e4 sivuston toimivuuden ja k\u00e4ytt\u00e4j\u00e4kokemuksen parantamiseksi. N\u00e4m\u00e4 ev\u00e4steet ovat pieni\u00e4 tiedostoja, jotka tallentuvat laitteellesi k\u00e4ytt\u00e4ess\u00e4si verkkosivustoamme.<\/p>\n\n\n\n<p>Ev\u00e4steiden k\u00e4ytt\u00f6\u00e4 koskevat vaihtoehdot:<\/p>\n\n\n\n<p>\u2013 K\u00e4ytt\u00e4m\u00e4ll\u00e4 verkkosivuamme, annat suostumuksen k\u00e4ytt\u00e4\u00e4 ja tallentaa ev\u00e4steit\u00e4 tietokoneeseesi tai laitteeseesi.<\/p>\n\n\n\n<p>\u2013 Voit k\u00e4ytt\u00e4\u00e4 verkkosivustoamme ilman ev\u00e4steit\u00e4, mutta ev\u00e4steiden kielt\u00e4minen saattaa heikent\u00e4\u00e4 sivuston toimivuutta.<\/p>\n\n\n\n<p>\u2013 Voit hallita ev\u00e4steit\u00e4 selaimesi j\u00e4rjestelm\u00e4asetuksista, deaktivoida ev\u00e4steet tai poistaa varastoidut ev\u00e4steet milloin tahansa.<\/p>\n\n\n\n<h3 class=\"wp-block-heading\"><a><\/a>Mihin k\u00e4yt\u00e4mme ev\u00e4steit\u00e4?<\/h3>\n\n\n\n<p>K\u00e4yt\u00e4mme ev\u00e4steit\u00e4 seuraaviin tarkoituksiin:<\/p>\n\n\n\n<p>\u2013 Verkkosivun toimivuuteen sek\u00e4 parantamiseen<\/p>\n\n\n\n<p>\u2013 K\u00e4ytt\u00e4jien k\u00e4yt\u00f6ksen analysointiin<\/p>\n\n\n\n<p>\u2013 Markkinoinnin optimoimiseen<\/p>\n\n\n\n<p>\u2013 Kolmansien osapuolten seurantaan<\/p>\n\n\n\n<h2 class=\"wp-block-heading\" class=\"wp-block-heading\" id=\"yhteystiedot\"><a><\/a>Yhteystiedot<\/h2>\n\n\n\n<p>Uudetkasinotilmanrekisteroitymista.fi k\u00e4sittelee tietojasi aina vastuullisesti ja noudattaa kaikkia tietojenk\u00e4sittely\u00e4 koskevia lakeja ja s\u00e4\u00e4d\u00f6ksi\u00e4.<\/p>\n\n\n\n<p>Pid\u00e4t\u00e4mme oikeuden p\u00e4ivitt\u00e4\u00e4 t\u00e4t\u00e4 tietosuojaselostetta ja suosittelemme tutustumaan siihen s\u00e4\u00e4nn\u00f6llisesti. Kaikki muutokset astuvat voimaan v\u00e4litt\u00f6m\u00e4sti. Mik\u00e4li sinulla on kysymyksi\u00e4 tietojesi k\u00e4sittelyst\u00e4, voit ottaa meihin yhteytt\u00e4 s\u00e4hk\u00f6postitse osoitteeseen info@uudetkasinotilmanrekisteroitymista.fi.<\/p>\n","protected":false},"excerpt":{"rendered":"<p>Uudetkasinotilmanrekisteroitymista.fi (\u201dme\u201d) k\u00e4sittelee asiakkaittemme ja verkkosivullamme vierailevien henkil\u00f6tietoja (\u201dsin\u00e4\u201d). Ty\u00f6skentelemme k\u00e4sitell\u00e4ksemme henkil\u00f6tietojasi huolellisesti, suojaamalla niit\u00e4 sek\u00e4 noudattamalla kaikkia s\u00e4\u00e4nt\u00f6j\u00e4 ja tietosuojalakeja. Olemme markkinointiyritys, joka toimii&#8230;<\/p>\n","protected":false},"author":6,"featured_media":0,"parent":0,"menu_order":0,"comment_status":"closed","ping_status":"open","template":"","meta":{"_acf_changed":false,"footnotes":""},"class_list":["post-3","page","type-page","status-publish","hentry"],"acf":[],"_links":{"self":[{"href":"https:\/\/uudetkasinotilmanrekisteroitymista.fi\/fi-fi\/wp-json\/wp\/v2\/pages\/3","targetHints":{"allow":["GET"]}}],"collection":[{"href":"https:\/\/uudetkasinotilmanrekisteroitymista.fi\/fi-fi\/wp-json\/wp\/v2\/pages"}],"about":[{"href":"https:\/\/uudetkasinotilmanrekisteroitymista.fi\/fi-fi\/wp-json\/wp\/v2\/types\/page"}],"author":[{"embeddable":true,"href":"https:\/\/uudetkasinotilmanrekisteroitymista.fi\/fi-fi\/wp-json\/wp\/v2\/users\/6"}],"replies":[{"embeddable":true,"href":"https:\/\/uudetkasinotilmanrekisteroitymista.fi\/fi-fi\/wp-json\/wp\/v2\/comments?post=3"}],"version-history":[{"count":2,"href":"https:\/\/uudetkasinotilmanrekisteroitymista.fi\/fi-fi\/wp-json\/wp\/v2\/pages\/3\/revisions"}],"predecessor-version":[{"id":1339,"href":"https:\/\/uudetkasinotilmanrekisteroitymista.fi\/fi-fi\/wp-json\/wp\/v2\/pages\/3\/revisions\/1339"}],"wp:attachment":[{"href":"https:\/\/uudetkasinotilmanrekisteroitymista.fi\/fi-fi\/wp-json\/wp\/v2\/media?parent=3"}],"curies":[{"name":"wp","href":"https:\/\/api.w.org\/{rel}","templated":true}]}}