{"id":1342,"date":"2025-09-26T11:46:13","date_gmt":"2025-09-26T08:46:13","guid":{"rendered":"https:\/\/uudetkasinotilmanrekisteroitymista.fi\/?page_id=1342"},"modified":"2025-09-26T11:46:18","modified_gmt":"2025-09-26T08:46:18","slug":"saannot-ja-ehdot","status":"publish","type":"page","link":"https:\/\/uudetkasinotilmanrekisteroitymista.fi\/fi-fi\/saannot-ja-ehdot\/","title":{"rendered":"S\u00e4\u00e4nn\u00f6t ja ehdot"},"content":{"rendered":"\n<p>Uudetkasinotilmanrekisteroitymista.fi tarjoaa palveluitaan seuraavassa esitettyjen s\u00e4\u00e4nt\u00f6jen ja ehtojen mukaisesti.<\/p>\n\n\n\n<h2 class=\"wp-block-heading\" class=\"wp-block-heading\" id=\"ehtojen-hyvaksyminen\"><a><\/a>Ehtojen hyv\u00e4ksyminen<\/h2>\n\n\n\n<p>Uudetkasinotilmanrekisteroitymista.fi tarjoaa palveluitaan seuraavassa esitettyjen s\u00e4\u00e4nt\u00f6jen ja ehtojen mukaisesti. N\u00e4ill\u00e4 k\u00e4ytt\u00f6ehdoilla varmistetaan, ett\u00e4 k\u00e4ytt\u00e4m\u00e4ll\u00e4 sivustoa ymm\u00e4rr\u00e4t sen toimintaperiaatteet ja tiedostat oikeutesi sek\u00e4 velvollisuutesi ja vahvistat, ett\u00e4 olet lukenut ja ymm\u00e4rt\u00e4nyt n\u00e4m\u00e4 s\u00e4\u00e4nn\u00f6t ja ehdot, ja sitoudut noudattamaan niit\u00e4.<\/p>\n\n\n\n<h2 class=\"wp-block-heading\" class=\"wp-block-heading\" id=\"palvelun-kuvaus\"><a><\/a>Palvelun kuvaus<\/h2>\n\n\n\n<p>Uudetkasinotilmanrekisteroitymista.fi ei ole kasino-operaattori tai online-rahapelien tarjoaja. Uudetkasinotilmanrekisteroitymista.fi on verkkosivusto, joka esittelee sinulle rahapelisivustoja mainostus- ja tiedotustarkoituksessa. Kaikki sivustollamme esitellyt kasinot ja rahapelisivustot on asianmukaisesti lisensoitu ja niit\u00e4 s\u00e4\u00e4nnell\u00e4\u00e4n niiden sijaintimaan lakien mukaisesti.<\/p>\n\n\n\n<p>Uudetkasinotilmanrekisteroitymista.fi (\u201dme\u201d) ei anna mit\u00e4\u00e4n vakuutuksia tai takuita t\u00e4ll\u00e4 verkkosivustolla (a) esitettyjen tietojen, tekstien, kuvituksen tai muun sis\u00e4ll\u00f6n tarkkuutta, ajantasaisuutta, luotettavuutta tai t\u00e4ydellisyytt\u00e4; (b) kolmansien osapuolten tarjoamien tuotteiden tai kampanjoiden k\u00e4ytt\u00f6kelpoisuutta, omistusoikeutta tai sit\u00e4, etteiv\u00e4t ne loukkaa kolmansien osapuolten oikeuksia; (c) tietokoneviruksista, ohjelmistojen tai palveluiden vioista, virheist\u00e4 tai puutteista mahdollisesti seuraavia vahinkoja tietokoneellesi, mobiililaitteellesi tai muulle henkil\u00f6kohtaiselle omaisuudellesi. Kaikki Uudetkasinotilmanrekisteroitymista.fi sivuston sis\u00e4lt\u00e4m\u00e4t tiedot tarjotaan sellaisenaan, ilman mink\u00e4\u00e4nlaista takuuta.<\/p>\n\n\n\n<p>Asioimalla sivustollamme vahvistat my\u00f6s ymm\u00e4rt\u00e4v\u00e4si ja noudattavasi tarjoamiemme kolmannen osapuolen sivustojen omat s\u00e4\u00e4nn\u00f6t, eik\u00e4 Uudetkasinotilmanrekisteroitymista.fi -sivustoa voi pit\u00e4\u00e4 vastuullisena mahdollisista tappiosta, vahingoista tai menetyksist\u00e4, mik\u00e4li k\u00e4yt\u00e4t sivustolla lueteltuja nettikasinoita.<\/p>\n\n\n\n<h2 class=\"wp-block-heading\" class=\"wp-block-heading\" id=\"velvollisuutesi\"><a><\/a>Velvollisuutesi<\/h2>\n\n\n\n<p>Sivustolla esittelem\u00e4mme nettikasinot ovat riippumattomia Uudetkasinotilmanrekisteroitymista.fi:st\u00e4 ja ne voivat muuttaa kampanjoita, s\u00e4\u00e4nt\u00f6j\u00e4 ja ehtoja tai peruuttaa kampanjan ilman ennakkoilmoitusta. N\u00e4in ollen sinun vastuullasi on k\u00e4ytt\u00e4j\u00e4n\u00e4 varmistaa, ett\u00e4 sinulla on ajantasainen tieto kasinon tarjoamista palveluista. Suosittelemme tarkistamaan kaikki kyseisen sivuston s\u00e4\u00e4nn\u00f6t ja ehdot sek\u00e4 rajoitukset ennen pelaamista.<\/p>\n\n\n\n<p>Sinun tulee my\u00f6s t\u00e4ytt\u00e4\u00e4 kaikki oman alueesi lain asettamat vaatimukset, oltava todistetusti t\u00e4ysi-ik\u00e4inen sek\u00e4 k\u00e4ytt\u00e4\u00e4 ainoastaan sellaisia sivustoja, jotka ovat laillisia. Olet vastuullinen noudattamaan asuinmaasi\/alueesi voimassa olevaa verovelvollisuutta ja velvollinen kunnioittamaan kaikkia rahapelaamista koskevia paikallisia lakeja.<\/p>\n\n\n\n<p>K\u00e4ytt\u00e4m\u00e4ll\u00e4 Uudetkasinotilmanrekisteroitymista.fi -sivustoa, sitoudut siihen, ett\u00e4 et (1) k\u00e4ytt\u00e4ydy mill\u00e4\u00e4n tavalla, joka (a) voidaan tulkita laittomaksi, uhkaavaksi, haitalliseksi, loukkaavaksi, ahdistelevaksi, vahingolliseksi, kunnianloukkaavaksi, herjaavaksi, mauttomaksi, vihamieliseksi, s\u00e4\u00e4dytt\u00f6m\u00e4ksi, loukkaavaksi, rodullisesti, etnisesti tai muulla tavoin paheksuttavaksi, pornografiseksi, (b) jonka tarkoituksena on h\u00e4irit\u00e4 tai keskeytt\u00e4\u00e4 t\u00e4m\u00e4 verkkosivusto tai mik\u00e4 tahansa tarjottu palvelu, (c) sis\u00e4lt\u00e4\u00e4 viruksen tai muun tietokonekoodin, tiedostoja tai ohjelmia, jotka on suunniteltu tuhoamaan tai rajoittamaan mink\u00e4 tahansa tietokoneohjelmiston tai -laitteiston toimintaa, (d) aiheuttaa siviili- tai rikosoikeudellisen vastuun tai rikkoo sovellettavaa paikallista, kansallista tai kansainv\u00e4list\u00e4 lains\u00e4\u00e4d\u00e4nt\u00f6\u00e4; (2) henkil\u00f6itym\u00e4ll\u00e4 mihink\u00e4\u00e4n henkil\u00f6\u00f6n tai yhteis\u00f6\u00f6n, mukaan lukien, mutta ei rajoittuen, Uudetkasinotilmanrekisteroitymista.fi:n ty\u00f6ntekij\u00e4 tai valheellisesti ilmoittaa tai muuten v\u00e4\u00e4rist\u00e4\u00e4 yhteytens\u00e4 johonkin henkil\u00f6\u00f6n tai yhteis\u00f6\u00f6n, v\u00e4\u00e4rent\u00e4\u00e4 tai muuten pyrki\u00e4 peitt\u00e4m\u00e4\u00e4n tai v\u00e4\u00e4ristelem\u00e4\u00e4n mink\u00e4 tahansa toimittamasi sis\u00e4ll\u00f6n alkuper\u00e4\u00e4; (3) ker\u00e4t\u00e4 tietoja muista t\u00e4m\u00e4n verkkosivuston k\u00e4ytt\u00e4jist\u00e4; (4) k\u00e4ytt\u00e4\u00e4 t\u00e4t\u00e4 verkkosivustoa mink\u00e4 tahansa sis\u00e4ll\u00f6n tai palvelun tarjoamiseen kaupallisella tavalla tai mill\u00e4\u00e4n tavalla, joka sis\u00e4lt\u00e4isi roskapostia, ketjukirjeit\u00e4, pyramidihuijauksia tai muunlaista luvattoman mainonnan muotoa ilman Uudetkasinotilmanrekisteroitymista.fi:n etuk\u00e4teen antamaa kirjallista suostumusta; ja (5) tarjota mit\u00e4\u00e4n sellaista sis\u00e4lt\u00f6\u00e4, joka voi aiheuttaa siviili- tai rikosoikeudellisen vastuun Uudetkasinotilmanrekisteroitymista.fi ty\u00f6ntekij\u00f6ille, mainostajille, yhteisty\u00f6kumppaneille, tai joka voi muodostaa tai jota voidaan pit\u00e4\u00e4 mink\u00e4 tahansa paikallisen, kansallisen tai kansainv\u00e4lisen lain rikkomisena, mukaan lukien, mutta ei rajoittuen, tekij\u00e4noikeuksiin, tavaramerkkeihin, patentteihin tai liikesalaisuuksiin liittyv\u00e4t lait.<\/p>\n\n\n\n<h2 class=\"wp-block-heading\" class=\"wp-block-heading\" id=\"yksityisyyden-suoja\"><a><\/a>Yksityisyyden suoja<\/h2>\n\n\n\n<p>Uudetkasinotilmanrekisteroitymista.fi -sivustolta l\u00f6ytyy erillinen tietosuojaseloste, joka sis\u00e4lt\u00e4\u00e4 tietoja siit\u00e4, miten k\u00e4sittelemme ja s\u00e4ilyt\u00e4mme tietojasi, ja miten k\u00e4yt\u00e4mme ev\u00e4steit\u00e4.<\/p>\n\n\n\n<h2 class=\"wp-block-heading\" class=\"wp-block-heading\" id=\"kolmannet-osapuolet\"><a><\/a>Kolmannet osapuolet<\/h2>\n\n\n\n<p>Uudetkasinotilmanrekisteroitymista.fi -sivustolla tarjoamme linkkej\u00e4 ulkoisille verkkosivustoille, kuten nettikasinoille ja muille rahapelialan sivustoille. Uudetkasinotilmanrekisteroitymista.fi -sivustolla ei ole m\u00e4\u00e4r\u00e4ysvaltaa n\u00e4ihin ulkoisiin verkkosivustoihin eik\u00e4 se ole vastuullinen mist\u00e4\u00e4n sis\u00e4ll\u00f6st\u00e4, mainonnasta, tuotteista tai muusta materiaalista, joka on saatavilla n\u00e4ill\u00e4 kolmannen osapuolen verkkosivustoilla.<\/p>\n\n\n\n<p>N\u00e4it\u00e4 ulkoisia verkkosivustoja k\u00e4ytt\u00e4m\u00e4ll\u00e4 hyv\u00e4ksyt, ett\u00e4 sinuun sovelletaan kaikkia kyseisiin verkkosivustoihin sovellettavia s\u00e4\u00e4nt\u00f6j\u00e4, eik\u00e4 Uudetkasinotilmanrekisteroitymista.fi ole vastuussa mist\u00e4\u00e4n vahingoista tai menetyksist\u00e4, jotka ovat aiheutuneet tai joiden v\u00e4itet\u00e4\u00e4n aiheutuneen ulkoisten verkkosivustojen sis\u00e4ll\u00f6n k\u00e4yt\u00f6st\u00e4 tai siihen luottamisesta.<\/p>\n\n\n\n<h2 class=\"wp-block-heading\" class=\"wp-block-heading\" id=\"vastuuvapauslauseke\"><a><\/a>Vastuuvapauslauseke<\/h2>\n\n\n\n<p>Uudetkasinotilmanrekisteroitymista.fi verkkosivuston ja sen tarjoamien palveluiden tai sis\u00e4ll\u00f6n k\u00e4ytt\u00f6 tapahtuu omalla vastuullasi. Tarjotut palvelut ja kaikki sis\u00e4lt\u00f6 tarjotaan sinulle sellaisenaan ja Uudetkasinotilmanrekisteroitymista.fi kielt\u00e4ytyy mink\u00e4\u00e4nlaisista takuista, mukaan lukien, mutta ei rajoittuen, takuisiin myyntikelpoisuudesta, sopivuudesta tiettyyn tarkoitukseen ja loukkaamattomuudesta.&nbsp;&nbsp;<\/p>\n\n\n\n<p>Uudetkasinotilmanrekisteroitymista.fi ei anna mink\u00e4\u00e4nlaista takuuta siit\u00e4, ett\u00e4 mik\u00e4\u00e4n palvelun osa on keskeytym\u00e4t\u00f6n, virheet\u00f6n, virukseton, ajantasainen, turvallinen, luotettava tai laadukas, eik\u00e4 se takaa ett\u00e4 mik\u00e4\u00e4n sis\u00e4lt\u00f6 on mill\u00e4\u00e4n tavalla turvallista ladattavaksi.<\/p>\n\n\n\n<p>Ymm\u00e4rr\u00e4t ja hyv\u00e4ksyt, ett\u00e4 Uudetkasinotilmanrekisteroitymista.fi tai yksik\u00e4\u00e4n palveluntarjoaja ei tarjoa mink\u00e4\u00e4nlaista ammatillista neuvontaa, ja ett\u00e4 t\u00e4m\u00e4n verkkosivuston kautta saatujen tietojen k\u00e4ytt\u00f6 tapahtuu yksinomaan omalla vastuullasi, eik\u00e4 Uudetkasinotilmanrekisteroitymista.fi:\u00e4 voida pit\u00e4\u00e4 mill\u00e4\u00e4n tavalla vastuullisena.<\/p>\n\n\n\n<p>Joillakin laink\u00e4ytt\u00f6alueilla ei ehk\u00e4 sallita vastuuvapauslausekkeita, ja tietyt yll\u00e4 olevan vastuuvapauslausekkeen lausekkeet eiv\u00e4t ehk\u00e4 koske sinua takuiden osalta; muut ehdot ovat siit\u00e4 huolimatta t\u00e4yt\u00e4nt\u00f6\u00f6npanokelpoisia.<\/p>\n\n\n\n<h2 class=\"wp-block-heading\" class=\"wp-block-heading\" id=\"vastuun-rajoittaminen\"><a><\/a>Vastuun rajoittaminen<\/h2>\n\n\n\n<p>Uudetkasinotilmanrekisteroitymista.fi ei ole vastuussa mist\u00e4\u00e4n suorista, ep\u00e4suorista, erityisist\u00e4, ohjeellisista, v\u00e4lillisist\u00e4 tai v\u00e4litt\u00f6mist\u00e4 vahingoista; sis\u00e4lt\u00e4en, mutta ei rajoittuen, vahingot rahallisesta menetyksest\u00e4, voiton menetyksest\u00e4, k\u00e4yt\u00f6st\u00e4, tiedoista tai muusta aineettomasta menetyksest\u00e4 (vaikka Uudetkasinotilmanrekisteroitymista.fi on tietoinen t\u00e4llaisten vahinkojen mahdollisuudesta), jotka johtuvat (I) palvelun k\u00e4yt\u00f6st\u00e4 tai kyvytt\u00f6myydest\u00e4 k\u00e4ytt\u00e4\u00e4 palvelua, (II) korvaavien tavaroiden ja\/tai palvelujen hankkimisesta aiheutuvista kustannuksista, jotka johtuvat palvelun kautta tehdyist\u00e4 liiketoimista, (III) luvattomasta p\u00e4\u00e4syst\u00e4 tai tietojensiirtojen muuttamisesta, (IV) mink\u00e4 tahansa kolmannen osapuolen lausunnoista tai mink\u00e4 tahansa kolmannen osapuolen k\u00e4ytt\u00e4ytymisest\u00e4 palvelua k\u00e4ytt\u00e4en tai (V) mist\u00e4 tahansa muusta palveluun liittyv\u00e4st\u00e4 asiasta.<\/p>\n\n\n\n<p>Uudetkasinotilmanrekisteroitymista.fi verkkosivuston kautta saadun tiedon k\u00e4ytt\u00f6 on kokonaan omalla vastuullasi, emmek\u00e4 ole siit\u00e4 mill\u00e4\u00e4n tavalla vastuussa.<\/p>\n\n\n\n<h2 class=\"wp-block-heading\" class=\"wp-block-heading\" id=\"tekijanoikeudet\"><a><\/a>Tekij\u00e4noikeudet<\/h2>\n\n\n\n<p>Uudetkasinotilmanrekisteroitymista.fi pid\u00e4tt\u00e4\u00e4 kaikki oikeudet, mukaan lukien mutta ei rajoittuen kaikkiin tekij\u00e4noikeuksiin, tavaramerkkeihin, patentteihin, liikesalaisuuksiin ja muihin omistusoikeuksiin, joita Uudetkasinotilmanrekisteroitymista.fi:lla voi olla t\u00e4h\u00e4n verkkosivustoon, sen sis\u00e4lt\u00f6\u00f6n, sen tarjoamiin tavaroihin ja palveluihin.<\/p>\n\n\n\n<p>Uudetkasinotilmanrekisteroitymista.fi:n oikeuksien ja omaisuuden k\u00e4ytt\u00f6 edellytt\u00e4\u00e4 aina Uudetkasinotilmanrekisteroitymista.fi:n etuk\u00e4teen antamaa kirjallista suostumusta. Sinulla ei ole oikeutta k\u00e4ytt\u00e4\u00e4 t\u00e4t\u00e4 verkkosivustoa tai palvelua kaupallisiin tarkoituksiin ilman Uudetkasinotilmanrekisteroitymista.fi:n etuk\u00e4teen antamaa kirjallista suostumusta.<\/p>\n\n\n\n<h2 class=\"wp-block-heading\" class=\"wp-block-heading\" id=\"korvaukset\"><a><\/a>Korvaukset<\/h2>\n\n\n\n<p>Sitoudut pit\u00e4m\u00e4\u00e4n Uudetkasinotilmanrekisteroitymista.fi:n ja sen toimihenkil\u00f6t, ty\u00f6ntekij\u00e4t ja yhteisty\u00f6kumppanit vahingoittumattomina kaikista kolmannen osapuolen esitt\u00e4mist\u00e4 vaatimuksista, mukaan lukien asianajopalkkiot, jotka johtuvat omasta toiminnastasi, n\u00e4iden k\u00e4ytt\u00f6ehtojen rikkomisesta tai toisen osapuolen oikeuksien rikkomisesta.<\/p>\n\n\n\n<h2 class=\"wp-block-heading\" class=\"wp-block-heading\" id=\"muutokset-kayttoehtoihin\"><a><\/a>Muutokset k\u00e4ytt\u00f6ehtoihin<\/h2>\n\n\n\n<p>Uudetkasinotilmanrekisteroitymista.fi pid\u00e4tt\u00e4\u00e4 oikeuden muuttaa ja muokata n\u00e4it\u00e4 k\u00e4ytt\u00f6ehtoja milloin tahansa ilman erillist\u00e4 ilmoitusta. Kaikki muutokset astuvat voimaan v\u00e4litt\u00f6m\u00e4sti, kun k\u00e4ytt\u00f6ehdoista julkaistaan p\u00e4ivitetty versio. Mik\u00e4li sinulla on kysytt\u00e4v\u00e4\u00e4 k\u00e4ytt\u00f6ehdoista tai havaitset ep\u00e4t\u00e4ydellisi\u00e4 tietoja, voit ottaa meihin yhteytt\u00e4 s\u00e4hk\u00f6postitse osoitteeseen info@uudetkasinotilmanrekisteroitymista.fi.<\/p>\n","protected":false},"excerpt":{"rendered":"<p>Uudetkasinotilmanrekisteroitymista.fi tarjoaa palveluitaan seuraavassa esitettyjen s\u00e4\u00e4nt\u00f6jen ja ehtojen mukaisesti. Ehtojen hyv\u00e4ksyminen Uudetkasinotilmanrekisteroitymista.fi tarjoaa palveluitaan seuraavassa esitettyjen s\u00e4\u00e4nt\u00f6jen ja ehtojen mukaisesti. N\u00e4ill\u00e4 k\u00e4ytt\u00f6ehdoilla varmistetaan, ett\u00e4 k\u00e4ytt\u00e4m\u00e4ll\u00e4&#8230;<\/p>\n","protected":false},"author":6,"featured_media":0,"parent":0,"menu_order":0,"comment_status":"closed","ping_status":"closed","template":"","meta":{"_acf_changed":false,"footnotes":""},"class_list":["post-1342","page","type-page","status-publish","hentry"],"acf":[],"_links":{"self":[{"href":"https:\/\/uudetkasinotilmanrekisteroitymista.fi\/fi-fi\/wp-json\/wp\/v2\/pages\/1342","targetHints":{"allow":["GET"]}}],"collection":[{"href":"https:\/\/uudetkasinotilmanrekisteroitymista.fi\/fi-fi\/wp-json\/wp\/v2\/pages"}],"about":[{"href":"https:\/\/uudetkasinotilmanrekisteroitymista.fi\/fi-fi\/wp-json\/wp\/v2\/types\/page"}],"author":[{"embeddable":true,"href":"https:\/\/uudetkasinotilmanrekisteroitymista.fi\/fi-fi\/wp-json\/wp\/v2\/users\/6"}],"replies":[{"embeddable":true,"href":"https:\/\/uudetkasinotilmanrekisteroitymista.fi\/fi-fi\/wp-json\/wp\/v2\/comments?post=1342"}],"version-history":[{"count":1,"href":"https:\/\/uudetkasinotilmanrekisteroitymista.fi\/fi-fi\/wp-json\/wp\/v2\/pages\/1342\/revisions"}],"predecessor-version":[{"id":1343,"href":"https:\/\/uudetkasinotilmanrekisteroitymista.fi\/fi-fi\/wp-json\/wp\/v2\/pages\/1342\/revisions\/1343"}],"wp:attachment":[{"href":"https:\/\/uudetkasinotilmanrekisteroitymista.fi\/fi-fi\/wp-json\/wp\/v2\/media?parent=1342"}],"curies":[{"name":"wp","href":"https:\/\/api.w.org\/{rel}","templated":true}]}}