{"id":1340,"date":"2025-09-26T11:45:12","date_gmt":"2025-09-26T08:45:12","guid":{"rendered":"https:\/\/uudetkasinotilmanrekisteroitymista.fi\/?page_id=1340"},"modified":"2025-09-26T11:45:14","modified_gmt":"2025-09-26T08:45:14","slug":"tietoa-meista","status":"publish","type":"page","link":"https:\/\/uudetkasinotilmanrekisteroitymista.fi\/fi-fi\/tietoa-meista\/","title":{"rendered":"Tietoa meist\u00e4"},"content":{"rendered":"\n<p>Uudetkasinotilmanrekisteroitymista.fi on keskittynyt tarjoamaan <strong>luotettavaa tietoa nettikasinoista ja niiden tarjoamista bonuksista ja eduista<\/strong>. Nimens\u00e4 mukaisesti Uudetkasinotilmanrekisteroitymista.fi on keskittynyt erityisesti uusiin kasinoihin, jotka toimivat ilman rekister\u00f6itymist\u00e4. Sivustoltamme l\u00f6yd\u00e4t helposti kaikki uudet kasinot, joilla voit aloittaa pelaamisen nopeasti ilman rekister\u00f6inti\u00e4.<\/p>\n\n\n\n<h2 class=\"wp-block-heading\" class=\"wp-block-heading\" id=\"uudetkasinotilmanrekisteroitymista-fi-tiimi\"><a><\/a>Uudetkasinotilmanrekisteroitymista.fi tiimi<\/h2>\n\n\n\n<p>Uudetkasinotilmanrekisteroitymista.fi tiimi koostuu rahapelialan ammattilaisista, joilla on palava halu jakaa tietoa nettikasinoista, niiden tarjoamista bonuksista ja eduista sek\u00e4 alan uusimmista uutisista ja innovaatioista.<\/p>\n\n\n\n<p>Tiimimme j\u00e4senet ovat pelialan rautaisia ammattilaisia, joilla on vuosien ammatillinen kokemus markkinoinnista ja sis\u00e4ll\u00f6ntuotannosta Suomessa ja ulkomailla. Tiimimme suhtautuu intohimoisesti rahapeleihin ja kehitt\u00e4\u00e4 jatkuvasti osaamistaan osallistumalla esimerkiksi alan suurimpiin tapahtumiin.<\/p>\n\n\n\n<p><strong>Uudetkasinotilmanrekisteroitymista.fi toimii yhteisty\u00f6ss\u00e4 alan tunnetuimpien toimijoiden kanssa. <\/strong>N\u00e4in ollen voimme tarjota sinulle kaikki uudet kasinot heti, kun ne julkaistaan. Yhteisty\u00f6 mahdollistaa my\u00f6s parhaiden kasinobonusten ja muiden etujen tarjoamisen usein jopa ekslusiivisesti.<\/p>\n\n\n\n<h2 class=\"wp-block-heading\" class=\"wp-block-heading\" id=\"missiomme\"><a><\/a>Missiomme<\/h2>\n\n\n\n<p>Missiomme on tarjota sinulle markkinoiden tuoreimmat pelipaikat sek\u00e4 jakaa niist\u00e4 monipuolisesti tietoa. Olipa kyse sitten uusien kasinoiden ominaisuuksista, pelivalikoimasta, bonuksista tai innovatiivisista kanta-asiakasohjelmista.<\/p>\n\n\n\n<p>Keskitymme sivustollamme p\u00e4\u00e4osin uusiin pikakasinoihin, joilla p\u00e4\u00e4set pelaamaan nopeasti omilla verkkopankkitunnuksilla ilman rekister\u00f6itymist\u00e4. Kasinolistauksistamme l\u00f6yd\u00e4t my\u00f6s useita suomalaisille suunnattuja pikakasinoita, jotka tarjoavat my\u00f6s verovapaat voitot.<\/p>\n\n\n\n<p>Kaikki sivustollamme listatut kasinot ovat laillisesti toimivia ja lisensoituja pelipaikkoja, jotka suhtautuvat vakavasti my\u00f6s vastuulliseen pelaamiseen. Voit siis valita listauksestamme helposti juuri sinun pelityyliisi sopivan uuden kasinon ilman rekister\u00f6itymist\u00e4 ja nauttia pelien tarjoamasta j\u00e4nnityksest\u00e4 turvallisessa peliymp\u00e4rist\u00f6ss\u00e4.<\/p>\n\n\n\n<h2 class=\"wp-block-heading\" class=\"wp-block-heading\" id=\"miten-testaamme-ja-arvostelemme-uusia-kasinoita\"><a><\/a>Miten testaamme ja arvostelemme uusia kasinoita?<\/h2>\n\n\n\n<p>Uudetkasinotilmanrekisteroitymista.fi tiimi testaa huolellisesti jokaisen kasinon ja <strong>arvostelemme kaikki kasinot rehellisesti ja puolueettomasti<\/strong>. Kasinolistaukseemme p\u00e4\u00e4sev\u00e4t vain turvalliset ja luotettavat pelipaikat. Tarkastelemme uusia kasinoita erityisesti seuraavien laatukriteereidemme kautta:<\/p>\n\n\n\n<p>\u2013 Kasinolla on luotettava lisenssi ja sen taustalla toimii vakaa yhti\u00f6.<\/p>\n\n\n\n<p>\u2013 Kasinon pelivalikoima on monipuolinen ja tarjoaa my\u00f6s uusimpia pelej\u00e4.<\/p>\n\n\n\n<p>\u2013 Kasinobonukset ja niiden ehdot ovat pelaajalle reiluja ja selkeit\u00e4.<\/p>\n\n\n\n<p>\u2013 Kasinon sivusto toimii moitteettomasti kaikilla laitteilla, my\u00f6s mobiilissa.<\/p>\n\n\n\n<p>\u2013 Sivusto on hyvin lokalisoitu ja tarjoaa kotimaisille pelaajille sopivia maksutapoja.<\/p>\n\n\n\n<p>\u2013 Asiakaspalvelu on nopeaa, asiantuntevaa, yst\u00e4v\u00e4llist\u00e4 ja mieluiten suomenkielist\u00e4.<\/p>\n\n\n\n<p>\u2013 Vastuullinen pelaaminen on otettu huomioon ja tarjolla on ty\u00f6kaluja pelaamisen hallintaan.<\/p>\n\n\n\n<h2 class=\"wp-block-heading\" class=\"wp-block-heading\" id=\"miksi-kannattaa-valita-uudetkasinotilmanrekisteroitymista-fi\"><a><\/a>Miksi kannattaa valita Uudetkasinotilmanrekisteroitymista.fi?<\/h2>\n\n\n\n<p>Uudetkasinotilmanrekisteroitymista.fi kannattaa valita siksi, ett\u00e4 listaamme kaikki uudet kasinot ilman rekister\u00f6itymist\u00e4 helposti yhdess\u00e4 paikassa. Arvostelemme kaikki kasinot rehellisesti ja puolueettomasti, ja kiinnit\u00e4mme erityist\u00e4 huomioita kasinoiden turvallisuuteen ja vastuullisuuteen.<\/p>\n\n\n\n<p>Yhteisty\u00f6mme alan tunnetuimpien ja parhaiden kasino-operrattoreiden kanssa takaa sen, ett\u00e4 saat kauttamme aina uusimmat kasinobonukset, t\u00e4rkeimm\u00e4t uutiset ja p\u00e4\u00e4set nauttimaan rahapelaamisen uusista tuulista kaikilla uutuuskasinoilla heti, kun ne julkaistaan.<\/p>\n\n\n\n<h2 class=\"wp-block-heading\" class=\"wp-block-heading\" id=\"panostamme-vastuulliseen-pelaamiseen\"><a><\/a>Panostamme vastuulliseen pelaamiseen<\/h2>\n\n\n\n<p>Uudetkasinotilmanrekisteroitymista.fi on sitoutunut edist\u00e4m\u00e4\u00e4n vastuullista pelaamista ja haluamme n\u00e4in omalta osaltamme olla kehitt\u00e4m\u00e4ss\u00e4 turvallisen ja reilun peliymp\u00e4rist\u00f6n tarjoavaa pelikulttuuria.<\/p>\n\n\n\n<p>Kaikki sivustollamme esitellyt kasinot ovat lisensoituja ja valvottuja pelipaikkoja. Ne tarjoavat sinulle turvallisen ja reilun peliymp\u00e4rist\u00f6n sek\u00e4 monipuolisesti erilaisia vastuullisen pelaamisen ty\u00f6kaluja oman pelaamisen hallintaan.<\/p>\n\n\n\n<p>Sivustoltamme l\u00f6yd\u00e4t Vastuullinen pelaaminen sivun, jossa kerromme tarkemmin siit\u00e4, mit\u00e4 vastuullinen pelaaminen on ja miten voit itse pelata mahdollisimman vastuullisesti. Sivulta l\u00f6yd\u00e4t my\u00f6s tietoa peliongelmista ja peliriippuvuudesta, sek\u00e4 listan niist\u00e4 tahoista, joista voit hakea apua.<\/p>\n\n\n\n<h2 class=\"wp-block-heading\" class=\"wp-block-heading\" id=\"ota-meihin-yhteytta\"><a><\/a>Ota meihin yhteytt\u00e4<\/h2>\n\n\n\n<p>Mik\u00e4li sinulla tulee mit\u00e4 tahansa kysytt\u00e4v\u00e4\u00e4 Uudetkasinotilmanrekisteroitymista.fi:n toiminnasta tai haluat antaa meille palautetta, voit ottaa yhteytt\u00e4 l\u00e4hett\u00e4m\u00e4ll\u00e4 s\u00e4hk\u00f6postia osoitteeseen info@uudetkasinotilmanrekisteroitymista.fi. Autamme mielell\u00e4mme ja otamme vastaan my\u00f6s kehitysehdotuksia.<\/p>\n","protected":false},"excerpt":{"rendered":"<p>Uudetkasinotilmanrekisteroitymista.fi on keskittynyt tarjoamaan luotettavaa tietoa nettikasinoista ja niiden tarjoamista bonuksista ja eduista. Nimens\u00e4 mukaisesti Uudetkasinotilmanrekisteroitymista.fi on keskittynyt erityisesti uusiin kasinoihin, jotka toimivat ilman rekister\u00f6itymist\u00e4&#8230;.<\/p>\n","protected":false},"author":6,"featured_media":0,"parent":0,"menu_order":0,"comment_status":"closed","ping_status":"closed","template":"","meta":{"_acf_changed":false,"footnotes":""},"class_list":["post-1340","page","type-page","status-publish","hentry"],"acf":[],"_links":{"self":[{"href":"https:\/\/uudetkasinotilmanrekisteroitymista.fi\/fi-fi\/wp-json\/wp\/v2\/pages\/1340","targetHints":{"allow":["GET"]}}],"collection":[{"href":"https:\/\/uudetkasinotilmanrekisteroitymista.fi\/fi-fi\/wp-json\/wp\/v2\/pages"}],"about":[{"href":"https:\/\/uudetkasinotilmanrekisteroitymista.fi\/fi-fi\/wp-json\/wp\/v2\/types\/page"}],"author":[{"embeddable":true,"href":"https:\/\/uudetkasinotilmanrekisteroitymista.fi\/fi-fi\/wp-json\/wp\/v2\/users\/6"}],"replies":[{"embeddable":true,"href":"https:\/\/uudetkasinotilmanrekisteroitymista.fi\/fi-fi\/wp-json\/wp\/v2\/comments?post=1340"}],"version-history":[{"count":1,"href":"https:\/\/uudetkasinotilmanrekisteroitymista.fi\/fi-fi\/wp-json\/wp\/v2\/pages\/1340\/revisions"}],"predecessor-version":[{"id":1341,"href":"https:\/\/uudetkasinotilmanrekisteroitymista.fi\/fi-fi\/wp-json\/wp\/v2\/pages\/1340\/revisions\/1341"}],"wp:attachment":[{"href":"https:\/\/uudetkasinotilmanrekisteroitymista.fi\/fi-fi\/wp-json\/wp\/v2\/media?parent=1340"}],"curies":[{"name":"wp","href":"https:\/\/api.w.org\/{rel}","templated":true}]}}